{"id":3,"date":"2025-05-31T10:42:24","date_gmt":"2025-05-31T15:42:24","guid":{"rendered":"https:\/\/intecma.com.co\/?page_id=3"},"modified":"2025-10-30T09:08:22","modified_gmt":"2025-10-30T14:08:22","slug":"politica-privacidad","status":"publish","type":"page","link":"https:\/\/intecma.com.co\/index.php\/politica-privacidad\/","title":{"rendered":"Pol\u00edtica de privacidad"},"content":{"rendered":"\t\t<div data-elementor-type=\"wp-page\" data-elementor-id=\"3\" class=\"elementor elementor-3\">\n\t\t\t\t<div class=\"aux-parallax-section elementor-element elementor-element-b365886 e-flex e-con-boxed e-con e-parent\" data-id=\"b365886\" data-element_type=\"container\">\n\t\t\t\t\t<div class=\"e-con-inner\">\n\t\t\t\t<div class=\"elementor-element elementor-element-99cd29e elementor-widget elementor-widget-image\" data-id=\"99cd29e\" data-element_type=\"widget\" data-widget_type=\"image.default\">\n\t\t\t\t<div class=\"elementor-widget-container\">\n\t\t\t\t\t\t\t\t\t\t\t\t\t\t\t<img decoding=\"async\" src=\"https:\/\/intecma.com.co\/wp-content\/uploads\/elementor\/thumbs\/seguridad-de-los-datos-en-linea-de-la-computadora-portatil-y-el-icono-de-bloqueo-scaled-rcarwzf25pnljehqi1ugbpoobhmw9oq1zyezljjlc4.jpg\" title=\"seguridad-de-los-datos-en-linea-de-la-computadora-portatil-y-el-icono-de-bloqueo\" alt=\"seguridad-de-los-datos-en-linea-de-la-computadora-portatil-y-el-icono-de-bloqueo\" loading=\"lazy\" \/>\t\t\t\t\t\t\t\t\t\t\t\t\t\t\t<\/div>\n\t\t\t\t<\/div>\n\t\t\t\t\t<\/div>\n\t\t\t\t<\/div>\n\t\t<div class=\"aux-parallax-section elementor-element elementor-element-4c6abebc e-flex e-con-boxed e-con e-parent\" data-id=\"4c6abebc\" data-element_type=\"container\">\n\t\t\t\t\t<div class=\"e-con-inner\">\n\t\t\t\t<div class=\"elementor-element elementor-element-51ab1fe0 elementor-widget elementor-widget-text-editor\" data-id=\"51ab1fe0\" data-element_type=\"widget\" data-widget_type=\"text-editor.default\">\n\t\t\t\t<div class=\"elementor-widget-container\">\n\t\t\t\t\t\t\t\t\t<h2>Pol\u00edtica de privacidad y tratamiento de datos<\/h2>\n<p><!-- \/wp:heading --><!-- wp:paragraph --><\/p>\n<p>INDUSTRIA T\u00c8CNICA DE MADERAS S.A.S.<br>INTECMA S.A.S.<br>NIT 860.028.680-0<br>POL\u00ccTICA DE TRATAMIENTO DE DATOS PERSONALES<\/p><p><br>De conformidad con lo dispuesto en la Constituci\u00f3n Pol\u00edtica, la Ley 1581 de 2012, el Decreto Reglamentario 1377 de 2013 y dem\u00e1s disposiciones complementarias, INDUSTRIA T\u00c8CNICA DE MADERAS S.A.S. \u2013 INTECMA S.A.S., establece las siguientes pol\u00edticas para la recolecci\u00f3n, almacenamiento, uso, circulaci\u00f3n y supresi\u00f3n de tratamiento de datos personales:<br>La recolecci\u00f3n de datos se har\u00e1 directamente a trav\u00e9s de los clientes, proveedores y empleados previo consentimiento de los mismos a trav\u00e9s de documento f\u00edsico, electr\u00f3nico o en cualquier otro formato generado, en el aviso de tratamiento de la informaci\u00f3n se les avisa la finalidad del tratamiento que se pretende dar a los datos personales, en el formato no se indaga sobre ning\u00fan dato sensible del individuo que da la informaci\u00f3n.<\/p><p><br>Los datos obtenidos se usar\u00e1n para ejecutar la relaci\u00f3n contractual existente con los clientes, proveedores y empleados como informar sobre nuevos productos, cambios en los mismos, evaluar la calidad del servicio prestado, realizar estudios internos sobre atenci\u00f3n del cliente, h\u00e1bitos de consumo, env\u00edo de mensajes a trav\u00e9s de cualquier medio digital de comunicaci\u00f3n creado o por crearse o medios f\u00edsicos de informaci\u00f3n comercial, promociones, desarrollar procesos de selecci\u00f3n, evaluaci\u00f3n y vinculaci\u00f3n laboral, estudios de cr\u00e9ditos, registro de todos los datos en la base de datos de INDUSTRIA T\u00c8CNICA DE MADERAS S.A.S.<\/p><p><br>Lo datos personales proporcionados \u00fanicamente se utilizar\u00e1n para los prop\u00f3sitos aqu\u00ed se\u00f1alados, por lo tanto INTECMA S.A.S. no proceder\u00e1 a vender, licenciar, transmitir o divulgar excepto que exista autorizaci\u00f3n expresa para hacerlo, sea necesario divulgarla a entidades que prestan servicios de mercado en nombre de INTECMA S.A.S., la informaci\u00f3n tenga relaci\u00f3n con cualquier proceso de reestructuraci\u00f3n de la sociedad o que sea requerido o permitido por la ley.<\/p><p><br>INTECMA S.A.S. podr\u00e1 subcontratar a terceros para el procesamiento de determinadas funciones o informaci\u00f3n advirtiendo sobre la necesidad de proteger dicha informaci\u00f3n personal, se proh\u00edbe el uso de la informaci\u00f3n para fines propios y se solicita la no divulgaci\u00f3n a otros.<\/p><p><br>El tratamiento de datos personales se regir\u00e1 por lo siguiente:<\/p><p><br>1.&nbsp;Se le informar\u00e1 al titular que los datos personales recogidos se usar\u00e1n para la finalidad para la cual fueron recolectados.<br>2.&nbsp;Los datos obtenidos no podr\u00e1n ser divulgados sin previa autorizaci\u00f3n.<br>3.&nbsp;La informaci\u00f3n recibida debe ser verdadera, completa, actualizada y comprobable, datos incompletos o que induzcan a error no ser\u00e1n tratados.<br>4.&nbsp;Se garantiza el derecho del titular a obtener, sin restricciones, informaci\u00f3n acerca de los datos propios.<br>5.&nbsp;Los datos est\u00e1n sujetos a los l\u00edmites que se derivan de la naturaleza de los mismos seg\u00fan disposiciones de la Constituci\u00f3n y la Ley 1581. Los datos no estar\u00e1n disponibles en ning\u00fan medio de divulgaci\u00f3n o comunicaci\u00f3n masiva.<br>6.&nbsp;Los datos se proteger\u00e1n mediante el uso de las medidas legales, t\u00e9cnicas, humanas y administrativas necesarias para evitar la adulteraci\u00f3n, p\u00e9rdida, consulta o acceso no autorizado.<br>7.&nbsp;Todas las personas que intervengan en la administraci\u00f3n de los datos est\u00e1n obligadas a garantizar la reserva de la informaci\u00f3n, inclusive despu\u00e9s de finalizada su relaci\u00f3n con alguna de las labores que comprende el tratamiento de datos.<\/p><p><br>Los titulares de los datos personales podr\u00e1n ejercer los siguientes derechos relacionados con el tratamiento de los mismos por parte de INTECMA S.A.S. una vez demostrada su identidad o su calidad de representante del titular:<\/p><p><br>1.&nbsp; Acceder, como consulta y de forma gratuita, a sus datos personales que est\u00e9n bajo el tratamiento de INTECMA S.A.S.<br>2.&nbsp;Solicitar actualizaci\u00f3n, rectificaci\u00f3n y\/o eliminaci\u00f3n de los datos personales objeto del tratamiento, salvo que llegue a causar alteraci\u00f3n en el manejo del software de la empresa.<br>3.&nbsp;Solicitar prueba de autorizaci\u00f3n, salvo en los eventos en los cuales, seg\u00fan las normas legales vigentes, no se requiera de la autorizaci\u00f3n.<br>4.&nbsp;Ser informado del uso del dato personal.<br>5.&nbsp;Presentar quejas ante la Superintendencia de Industria y comercio por infracciones a lo dispuesto en la normatividad vigente sobre el tratamiento de datos personales.<br>6.&nbsp;Solicitar el cumplimiento de las \u00f3rdenes emitidas por la Superintendencia de Industria y comercio.<br>Como administradora del tratamiento de los datos personales de sus clientes, proveedores y empleados, INTECMA S.A.S. debe cumplir con las siguientes obligaciones:<br>1.&nbsp;Solicitar y conservar copia de la respectiva autorizaci\u00f3n otorgada por el titular.<br>2.&nbsp;Informar, de forma clara, al titular sobre la finalidad de la recolecci\u00f3n y derechos que le asisten de acuerdo a la autorizaci\u00f3n entregada.<br>3.&nbsp;Informar a solicitud del titular sobre el uso dado a sus datos personales.<br>4.&nbsp;Tramitar las consultas y reclamos formulados en los t\u00e9rminos se\u00f1alados en la pol\u00edtica de tratamiento de datos.<br>5.&nbsp;Guardar y conservar la informaci\u00f3n bajo las condiciones de seguridad necesarias para impedir su adulteraci\u00f3n, p\u00e9rdida, consulta, uso o acceso no autorizado o fraudulento.<br>6.&nbsp;Actualizar la informaci\u00f3n en caso de ser necesario.<br>7.&nbsp;Rectificar los datos cuando sea procedente.<br>8.&nbsp;Informar las eventuales violaciones a los c\u00f3digos de seguridad.<br>9.&nbsp;Cumplir las instrucciones y requerimientos que imparta la Superintendencia de Industria y Comercio.<\/p><p><br>Al momento de efectuar la recolecci\u00f3n de datos personales, INTECMA S.A.S. solicitar\u00e1 al titular su autorizaci\u00f3n para efectuar su recolecci\u00f3n y tratamiento indicando la finalidad para la cual se solicitan.<\/p><p><br>INTECMA S.A.S. pone a disposici\u00f3n del titular de los datos personales la pol\u00edtica de tratamiento de los mismos en su p\u00e1gina web: www.intecma.com.co o la pueden solicitar al correo: administracion@intecma.com.co<\/p><p><br>INTECMA S.A.S. \u00fanicamente podr\u00e1 recolectar, almacenar, usar o circular los datos personales durante el tiempo que sea razonable y necesario de acuerdo a las finalidades que justificaron el tratamiento.<\/p><p><br>El \u00e1rea de Administraci\u00f3n ser\u00e1 la responsable de atender las peticiones, quejas y reclamos que formule el titular del dato en ejercicio de los derechos contemplados en la presente pol\u00edtica enviando su solicitud al correo: administracion@intecma.com.co o llamar al tel\u00e9fono fijo en Bogot\u00e1 6016299911.<br>La presente Pol\u00edtica de Datos Personales fue creada el 25 de enero de 2015.<\/p>\n<p><!-- \/wp:paragraph --><\/p>\t\t\t\t\t\t\t\t<\/div>\n\t\t\t\t<\/div>\n\t\t\t\t\t<\/div>\n\t\t\t\t<\/div>\n\t\t\t\t<\/div>\n\t\t","protected":false},"excerpt":{"rendered":"<p>Pol\u00edtica de privacidad y tratamiento de datos INDUSTRIA T\u00c8CNICA DE MADERAS S.A.S.INTECMA S.A.S.NIT 860.028.680-0POL\u00ccTICA DE TRATAMIENTO DE DATOS PERSONALES De conformidad con lo dispuesto en la Constituci\u00f3n Pol\u00edtica, la Ley 1581 de 2012, el Decreto Reglamentario 1377 de 2013 y dem\u00e1s disposiciones complementarias, INDUSTRIA T\u00c8CNICA DE MADERAS S.A.S. \u2013 INTECMA S.A.S., establece las siguientes pol\u00edticas [&hellip;]<\/p>\n","protected":false},"author":1,"featured_media":982,"parent":0,"menu_order":0,"comment_status":"closed","ping_status":"open","template":"","meta":{"footnotes":""},"class_list":["post-3","page","type-page","status-publish","has-post-thumbnail","hentry"],"_links":{"self":[{"href":"https:\/\/intecma.com.co\/index.php\/wp-json\/wp\/v2\/pages\/3","targetHints":{"allow":["GET"]}}],"collection":[{"href":"https:\/\/intecma.com.co\/index.php\/wp-json\/wp\/v2\/pages"}],"about":[{"href":"https:\/\/intecma.com.co\/index.php\/wp-json\/wp\/v2\/types\/page"}],"author":[{"embeddable":true,"href":"https:\/\/intecma.com.co\/index.php\/wp-json\/wp\/v2\/users\/1"}],"replies":[{"embeddable":true,"href":"https:\/\/intecma.com.co\/index.php\/wp-json\/wp\/v2\/comments?post=3"}],"version-history":[{"count":10,"href":"https:\/\/intecma.com.co\/index.php\/wp-json\/wp\/v2\/pages\/3\/revisions"}],"predecessor-version":[{"id":1170,"href":"https:\/\/intecma.com.co\/index.php\/wp-json\/wp\/v2\/pages\/3\/revisions\/1170"}],"wp:featuredmedia":[{"embeddable":true,"href":"https:\/\/intecma.com.co\/index.php\/wp-json\/wp\/v2\/media\/982"}],"wp:attachment":[{"href":"https:\/\/intecma.com.co\/index.php\/wp-json\/wp\/v2\/media?parent=3"}],"curies":[{"name":"wp","href":"https:\/\/api.w.org\/{rel}","templated":true}]}}