{"id":380,"date":"2020-11-10T19:13:42","date_gmt":"2020-11-11T00:13:42","guid":{"rendered":"https:\/\/intecma.com.co\/index.php\/contact\/"},"modified":"2025-10-29T16:21:05","modified_gmt":"2025-10-29T21:21:05","slug":"contact","status":"publish","type":"page","link":"https:\/\/intecma.com.co\/index.php\/contact\/","title":{"rendered":"Contact"},"content":{"rendered":"\t\t<div data-elementor-type=\"wp-page\" data-elementor-id=\"380\" class=\"elementor elementor-380\">\n\t\t\t\t<div class=\"aux-parallax-section elementor-element elementor-element-91a258a e-flex e-con-boxed e-con e-parent\" data-id=\"91a258a\" data-element_type=\"container\" data-settings=\"{&quot;background_background&quot;:&quot;classic&quot;}\">\n\t\t\t\t\t<div class=\"e-con-inner\">\n\t\t<div class=\"elementor-element elementor-element-ba3aecf e-con-full e-flex e-con e-child\" data-id=\"ba3aecf\" data-element_type=\"container\">\n\t\t\t\t<div class=\"elementor-element elementor-element-68dae28 aux-appear-watch-animation aux-fade-in-up-1 elementor-widget elementor-widget-aux_modern_heading\" data-id=\"68dae28\" data-element_type=\"widget\" data-widget_type=\"aux_modern_heading.default\">\n\t\t\t\t<div class=\"elementor-widget-container\">\n\t\t\t\t\t<section class=\"aux-widget-modern-heading\">\n            <div class=\"aux-widget-inner\"><h1 class=\"aux-modern-heading-primary\">Visitenos<\/h1><div class=\"aux-modern-heading-description\"><p>Personalmente en nuestra bodega principal.\u00a0<\/p><\/div><\/div>\n        <\/section>\t\t\t\t<\/div>\n\t\t\t\t<\/div>\n\t\t\t\t<\/div>\n\t\t<div class=\"elementor-element elementor-element-7045d43 e-con-full e-flex e-con e-child\" data-id=\"7045d43\" data-element_type=\"container\">\n\t\t\t\t<div class=\"elementor-element elementor-element-4376f37 aux-appear-watch-animation aux-fade-in-up-1 elementor-widget elementor-widget-heading\" data-id=\"4376f37\" data-element_type=\"widget\" data-widget_type=\"heading.default\">\n\t\t\t\t<div class=\"elementor-widget-container\">\n\t\t\t\t\t<h2 class=\"elementor-heading-title elementor-size-default\">Enviar mensaje<\/h2>\t\t\t\t<\/div>\n\t\t\t\t<\/div>\n\t\t\t\t<div class=\"elementor-element elementor-element-04696a6 aux-appear-watch-animation aux-fade-in-up elementor-widget elementor-widget-aux_contact_form\" data-id=\"04696a6\" data-element_type=\"widget\" data-widget_type=\"aux_contact_form.default\">\n\t\t\t\t<div class=\"elementor-widget-container\">\n\t\t\t\t\t<section class=\"widget-container aux-widget-contact-form aux-parent-au4207679f\">            <div class=\"aux-col-wrapper aux-no-gutter\">\n            <!-- @TODO - The output for element here -->\n\n            \n<div class=\"wpcf7 no-js\" id=\"wpcf7-f184-o1\" lang=\"en-US\" dir=\"ltr\" data-wpcf7-id=\"184\">\n<div class=\"screen-reader-response\"><p role=\"status\" aria-live=\"polite\" aria-atomic=\"true\"><\/p> <ul><\/ul><\/div>\n<form action=\"\/index.php\/wp-json\/wp\/v2\/pages\/380#wpcf7-f184-o1\" method=\"post\" class=\"wpcf7-form init\" aria-label=\"Contact form\" novalidate=\"novalidate\" data-status=\"init\">\n<div style=\"display: none;\">\n<input type=\"hidden\" name=\"_wpcf7\" value=\"184\" \/>\n<input type=\"hidden\" name=\"_wpcf7_version\" value=\"6.0.6\" \/>\n<input type=\"hidden\" name=\"_wpcf7_locale\" value=\"en_US\" \/>\n<input type=\"hidden\" name=\"_wpcf7_unit_tag\" value=\"wpcf7-f184-o1\" \/>\n<input type=\"hidden\" name=\"_wpcf7_container_post\" value=\"0\" \/>\n<input type=\"hidden\" name=\"_wpcf7_posted_data_hash\" value=\"\" \/>\n<\/div>\n<div class=\"contact-form\">\n<div class=\"contact-form__column\">\n    <input type=\"text\" name=\"field1\" class=\"field-long-1\" id=\"right\" placeholder=\"Nombre Completo*\" \/><input type=\"email\" name=\"field2\" class=\"field-long-1\" id=\"left\" placeholder=\"Email*\" \/><input type=\"tel\" name=\"field3\" class=\"field-long-1\" id=\"left\" placeholder=\"Tel*\" \/>\n <\/div>\n<textarea name=\"field1\" id=\"field1\" class=\"field-textarea-1\" placeholder=\"Mensaje\" >\n<\/textarea>\n<input type=\"submit\" value=\"Enviar\" \/>\n   \n<\/div><div class=\"wpcf7-response-output\" aria-hidden=\"true\"><\/div>\n<\/form>\n<\/div>\n\n\n            <\/div><!-- aux-col-wrapper -->\n    <\/section><!-- widget-container -->\t\t\t\t<\/div>\n\t\t\t\t<\/div>\n\t\t\t\t<\/div>\n\t\t\t\t\t<\/div>\n\t\t\t\t<\/div>\n\t\t<div class=\"aux-parallax-section elementor-element elementor-element-b290202 e-flex e-con-boxed e-con e-parent\" data-id=\"b290202\" data-element_type=\"container\">\n\t\t\t\t\t<div class=\"e-con-inner\">\n\t\t\t\t<div class=\"elementor-element elementor-element-6b1fb09 elementor-widget elementor-widget-google_maps\" data-id=\"6b1fb09\" data-element_type=\"widget\" data-widget_type=\"google_maps.default\">\n\t\t\t\t<div class=\"elementor-widget-container\">\n\t\t\t\t\t\t\t<div class=\"elementor-custom-embed\">\n\t\t\t<iframe loading=\"lazy\"\n\t\t\t\t\tsrc=\"https:\/\/maps.google.com\/maps?q=Bogota%20Cra%2029b%20%C2%B770-36&#038;t=m&#038;z=13&#038;output=embed&#038;iwloc=near\"\n\t\t\t\t\ttitle=\"Bogota Cra 29b \u00b770-36\"\n\t\t\t\t\taria-label=\"Bogota Cra 29b \u00b770-36\"\n\t\t\t><\/iframe>\n\t\t<\/div>\n\t\t\t\t\t\t<\/div>\n\t\t\t\t<\/div>\n\t\t\t\t\t<\/div>\n\t\t\t\t<\/div>\n\t\t<div class=\"aux-parallax-section elementor-element elementor-element-8447c38 e-flex e-con-boxed e-con e-parent\" data-id=\"8447c38\" data-element_type=\"container\">\n\t\t\t\t\t<div class=\"e-con-inner\">\n\t\t<div class=\"elementor-element elementor-element-41c6cb8 aux-appear-watch-animation aux-scale-down e-con-full e-flex e-con e-child\" data-id=\"41c6cb8\" data-element_type=\"container\" data-settings=\"{&quot;background_background&quot;:&quot;classic&quot;}\">\n\t\t\t\t<div class=\"elementor-element elementor-element-01fc1d8 elementor-view-stacked elementor-shape-square elementor-widget__width-auto aux-appear-watch-animation aux-fade-in-right-1 elementor-position-top elementor-mobile-position-top elementor-widget elementor-widget-icon-box\" data-id=\"01fc1d8\" data-element_type=\"widget\" data-widget_type=\"icon-box.default\">\n\t\t\t\t<div class=\"elementor-widget-container\">\n\t\t\t\t\t\t\t<div class=\"elementor-icon-box-wrapper\">\n\n\t\t\t\t\t\t<div class=\"elementor-icon-box-icon\">\n\t\t\t\t<span  class=\"elementor-icon\">\n\t\t\t\t<svg xmlns=\"http:\/\/www.w3.org\/2000\/svg\" width=\"27.436\" height=\"17.427\" viewBox=\"0 0 27.436 17.427\"><path d=\"M2.633,60.192q.521.3,3.139,1.764t4.011,2.259q.153.087.651.378t.827.47q.329.179.8.4a5.187,5.187,0,0,0,.88.334,2.946,2.946,0,0,0,.765.111h.031A2.949,2.949,0,0,0,14.5,65.8a5.192,5.192,0,0,0,.88-.334q.467-.223.8-.4t.827-.47q.5-.291.651-.378l7.165-4.023a6.739,6.739,0,0,0,1.868-1.522,2.866,2.866,0,0,0,.75-1.869,1.74,1.74,0,0,0-.727-1.4,2.673,2.673,0,0,0-1.722-.582H2.45a2.436,2.436,0,0,0-1.814.644A2.2,2.2,0,0,0,0,57.073a2.608,2.608,0,0,0,.842,1.69A7.1,7.1,0,0,0,2.633,60.192Z\" transform=\"translate(0 -54.82)\" fill=\"#fff\"><\/path><path d=\"M25.9,185.514q-5.021,2.748-7.624,4.27-.873.52-1.416.811a9.661,9.661,0,0,1-1.447.594,5.3,5.3,0,0,1-1.684.3H13.7a5.305,5.305,0,0,1-1.684-.3,9.666,9.666,0,0,1-1.447-.594q-.543-.291-1.416-.811-2.067-1.225-7.609-4.27A7.89,7.89,0,0,1,0,184.437v9.828a1.746,1.746,0,0,0,.72,1.4,2.665,2.665,0,0,0,1.73.582H24.986a2.665,2.665,0,0,0,1.73-.582,1.746,1.746,0,0,0,.72-1.4v-9.828A8.189,8.189,0,0,1,25.9,185.514Z\" transform=\"translate(0 -178.818)\" fill=\"#fff\"><\/path><\/svg>\t\t\t\t<\/span>\n\t\t\t<\/div>\n\t\t\t\n\t\t\t\t\t\t<div class=\"elementor-icon-box-content\">\n\n\t\t\t\t\t\t\t\t\t<h4 class=\"elementor-icon-box-title\">\n\t\t\t\t\t\t<span  >\n\t\t\t\t\t\t\temali :\t\t\t\t\t\t<\/span>\n\t\t\t\t\t<\/h4>\n\t\t\t\t\n\t\t\t\t\t\t\t\t\t<p class=\"elementor-icon-box-description\">\n\t\t\t\t\t\tventas@intecma.com.co<br>\n\t\t\t\t\t<\/p>\n\t\t\t\t\n\t\t\t<\/div>\n\t\t\t\n\t\t<\/div>\n\t\t\t\t\t\t<\/div>\n\t\t\t\t<\/div>\n\t\t\t\t<div class=\"elementor-element elementor-element-d601252 elementor-widget__width-auto elementor-hidden-phone elementor-widget elementor-widget-spacer\" data-id=\"d601252\" data-element_type=\"widget\" data-widget_type=\"spacer.default\">\n\t\t\t\t<div class=\"elementor-widget-container\">\n\t\t\t\t\t\t\t<div class=\"elementor-spacer\">\n\t\t\t<div class=\"elementor-spacer-inner\"><\/div>\n\t\t<\/div>\n\t\t\t\t\t\t<\/div>\n\t\t\t\t<\/div>\n\t\t\t\t<div class=\"elementor-element elementor-element-f5fd484 elementor-view-stacked elementor-shape-square elementor-widget__width-auto aux-appear-watch-animation aux-scale-down-1 elementor-position-top elementor-mobile-position-top elementor-widget elementor-widget-icon-box\" data-id=\"f5fd484\" data-element_type=\"widget\" data-widget_type=\"icon-box.default\">\n\t\t\t\t<div class=\"elementor-widget-container\">\n\t\t\t\t\t\t\t<div class=\"elementor-icon-box-wrapper\">\n\n\t\t\t\t\t\t<div class=\"elementor-icon-box-icon\">\n\t\t\t\t<span  class=\"elementor-icon\">\n\t\t\t\t<svg xmlns=\"http:\/\/www.w3.org\/2000\/svg\" width=\"30.902\" height=\"30.902\" viewBox=\"0 0 30.902 30.902\"><g transform=\"translate(0 0)\"><path d=\"M359.588,65.811,351.781,58l1-1a2.952,2.952,0,0,1,4.175,0l3.632,3.632a2.952,2.952,0,0,1,0,4.175Zm0,0\" transform=\"translate(-330.549 -38.297)\" fill=\"#fff\"><\/path><path d=\"M56.137,353.644l1-1a2.952,2.952,0,0,1,4.175,0l3.632,3.632a2.956,2.956,0,0,1,0,4.175l-1,1Zm0,0\" transform=\"translate(-52.749 -351.781)\" fill=\"#fff\"><\/path><path d=\"M27.667,25.588c-2.634,2.183-6.021,2.659-9.859,1.369A27.992,27.992,0,0,1,7.568,20.1,27.988,27.988,0,0,1,.711,9.859C-.58,6.022-.1,2.635,2.08,0L9.925,7.845c-1.686,2.628.738,5.739,2.448,7.449s4.821,4.134,7.449,2.448Zm0,0\" transform=\"translate(-0.001 3.236)\" fill=\"#fff\"><\/path><\/g><\/svg>\t\t\t\t<\/span>\n\t\t\t<\/div>\n\t\t\t\n\t\t\t\t\t\t<div class=\"elementor-icon-box-content\">\n\n\t\t\t\t\t\t\t\t\t<h4 class=\"elementor-icon-box-title\">\n\t\t\t\t\t\t<span  >\n\t\t\t\t\t\t\tTel\u00e9fono:\t\t\t\t\t\t<\/span>\n\t\t\t\t\t<\/h4>\n\t\t\t\t\n\t\t\t\t\t\t\t\t\t<p class=\"elementor-icon-box-description\">\n\t\t\t\t\t\t+57 6016299911\n\t\t\t\t\t<\/p>\n\t\t\t\t\n\t\t\t<\/div>\n\t\t\t\n\t\t<\/div>\n\t\t\t\t\t\t<\/div>\n\t\t\t\t<\/div>\n\t\t\t\t<div class=\"elementor-element elementor-element-9c0b377 elementor-widget__width-auto elementor-hidden-phone elementor-widget elementor-widget-spacer\" data-id=\"9c0b377\" data-element_type=\"widget\" data-widget_type=\"spacer.default\">\n\t\t\t\t<div class=\"elementor-widget-container\">\n\t\t\t\t\t\t\t<div class=\"elementor-spacer\">\n\t\t\t<div class=\"elementor-spacer-inner\"><\/div>\n\t\t<\/div>\n\t\t\t\t\t\t<\/div>\n\t\t\t\t<\/div>\n\t\t\t\t<div class=\"elementor-element elementor-element-6b61c40 elementor-view-stacked elementor-shape-square elementor-widget__width-auto aux-appear-watch-animation aux-fade-in-left-1 elementor-position-top elementor-mobile-position-top elementor-widget elementor-widget-icon-box\" data-id=\"6b61c40\" data-element_type=\"widget\" data-widget_type=\"icon-box.default\">\n\t\t\t\t<div class=\"elementor-widget-container\">\n\t\t\t\t\t\t\t<div class=\"elementor-icon-box-wrapper\">\n\n\t\t\t\t\t\t<div class=\"elementor-icon-box-icon\">\n\t\t\t\t<span  class=\"elementor-icon\">\n\t\t\t\t<svg xmlns=\"http:\/\/www.w3.org\/2000\/svg\" width=\"20.877\" height=\"26.167\" viewBox=\"0 0 20.877 26.167\"><path d=\"M59.365.007a10.442,10.442,0,0,0-9.877,12.415h0s.016.113.07.327a10.462,10.462,0,0,0,.7,2.071c1.046,2.479,3.466,6.626,8.9,11.138a.907.907,0,0,0,1.159,0c5.429-4.507,7.849-8.654,8.9-11.143a10.019,10.019,0,0,0,.7-2.071c.048-.209.07-.327.07-.327h0A10.444,10.444,0,0,0,59.365.007Zm.37,15.623a5.07,5.07,0,1,1,5.07-5.07A5.069,5.069,0,0,1,59.735,15.629Z\" transform=\"translate(-49.299 0)\" fill=\"#fff\"><\/path><\/svg>\t\t\t\t<\/span>\n\t\t\t<\/div>\n\t\t\t\n\t\t\t\t\t\t<div class=\"elementor-icon-box-content\">\n\n\t\t\t\t\t\t\t\t\t<h4 class=\"elementor-icon-box-title\">\n\t\t\t\t\t\t<span  >\n\t\t\t\t\t\t\tDirecci\u00f3n:\t\t\t\t\t\t<\/span>\n\t\t\t\t\t<\/h4>\n\t\t\t\t\n\t\t\t\t\t\t\t\t\t<p class=\"elementor-icon-box-description\">\n\t\t\t\t\t\tCra. 29B 70 - 36<br> Bogot\u00e1 - Colombia\t\t\t\t\t<\/p>\n\t\t\t\t\n\t\t\t<\/div>\n\t\t\t\n\t\t<\/div>\n\t\t\t\t\t\t<\/div>\n\t\t\t\t<\/div>\n\t\t\t\t<\/div>\n\t\t\t\t\t<\/div>\n\t\t\t\t<\/div>\n\t\t<div class=\"aux-parallax-section elementor-element elementor-element-6d3b813 e-flex e-con-boxed e-con e-parent\" data-id=\"6d3b813\" data-element_type=\"container\">\n\t\t\t\t\t<div class=\"e-con-inner\">\n\t\t<div class=\"elementor-element elementor-element-eb7171d e-con-full e-flex e-con e-child\" data-id=\"eb7171d\" data-element_type=\"container\">\n\t\t\t\t<div class=\"elementor-element elementor-element-53489fa aux-appear-watch-animation aux-fade-in-up-1 elementor-widget elementor-widget-aux_gmap\" data-id=\"53489fa\" data-element_type=\"widget\" data-widget_type=\"aux_gmap.default\">\n\t\t\t\t<div class=\"elementor-widget-container\">\n\t\t\t\t\t            <div class=\"elementor-alert elementor-alert-danger\" role=\"alert\">\n                <span class=\"elementor-alert-title\">\n                    Google Maps API Key Is Missing.                <\/span>\n                <span class=\"elementor-alert-description\">\n                    In order to use google maps on your website, you have to create an api key and insert it in customizer &quot;Google Maps API Key&quot; field.                <\/span>\n            <\/div>\n        \t\t\t\t<\/div>\n\t\t\t\t<\/div>\n\t\t\t\t<\/div>\n\t\t\t\t\t<\/div>\n\t\t\t\t<\/div>\n\t\t\t\t<\/div>\n\t\t","protected":false},"excerpt":{"rendered":"<p>Visitenos Personalmente en nuestra bodega principal.\u00a0 Enviar mensaje emali : ventas@intecma.com.co Tel\u00e9fono: +57 6016299911 Direcci\u00f3n: Cra. 29B 70 &#8211; 36 Bogot\u00e1 &#8211; Colombia Google Maps API Key Is Missing. In order to use google maps on your website, you have to create an api key and insert it in customizer &quot;Google Maps API Key&quot; field.<\/p>\n","protected":false},"author":1,"featured_media":0,"parent":0,"menu_order":0,"comment_status":"closed","ping_status":"closed","template":"templates\/page-builder-content.php","meta":{"footnotes":""},"class_list":["post-380","page","type-page","status-publish","hentry"],"_links":{"self":[{"href":"https:\/\/intecma.com.co\/index.php\/wp-json\/wp\/v2\/pages\/380","targetHints":{"allow":["GET"]}}],"collection":[{"href":"https:\/\/intecma.com.co\/index.php\/wp-json\/wp\/v2\/pages"}],"about":[{"href":"https:\/\/intecma.com.co\/index.php\/wp-json\/wp\/v2\/types\/page"}],"author":[{"embeddable":true,"href":"https:\/\/intecma.com.co\/index.php\/wp-json\/wp\/v2\/users\/1"}],"replies":[{"embeddable":true,"href":"https:\/\/intecma.com.co\/index.php\/wp-json\/wp\/v2\/comments?post=380"}],"version-history":[{"count":27,"href":"https:\/\/intecma.com.co\/index.php\/wp-json\/wp\/v2\/pages\/380\/revisions"}],"predecessor-version":[{"id":1162,"href":"https:\/\/intecma.com.co\/index.php\/wp-json\/wp\/v2\/pages\/380\/revisions\/1162"}],"wp:attachment":[{"href":"https:\/\/intecma.com.co\/index.php\/wp-json\/wp\/v2\/media?parent=380"}],"curies":[{"name":"wp","href":"https:\/\/api.w.org\/{rel}","templated":true}]}}