{"id":381,"date":"2020-11-10T18:33:02","date_gmt":"2020-11-10T23:33:02","guid":{"rendered":"https:\/\/intecma.com.co\/index.php\/about\/"},"modified":"2025-10-23T16:21:23","modified_gmt":"2025-10-23T21:21:23","slug":"about","status":"publish","type":"page","link":"https:\/\/intecma.com.co\/index.php\/about\/","title":{"rendered":"About"},"content":{"rendered":"\t\t<div data-elementor-type=\"wp-page\" data-elementor-id=\"381\" class=\"elementor elementor-381\">\n\t\t\t\t<div class=\"aux-parallax-section elementor-element elementor-element-b38274f e-flex e-con-boxed e-con e-parent\" data-id=\"b38274f\" data-element_type=\"container\">\n\t\t\t\t\t<div class=\"e-con-inner\">\n\t\t<div class=\"elementor-element elementor-element-ff910e4 e-con-full e-flex e-con e-child\" data-id=\"ff910e4\" data-element_type=\"container\">\n\t\t\t\t<div class=\"aux-scroll-anim elementor-element elementor-element-297df6c aux-appear-watch-animation aux-fade-in-left elementor-widget elementor-widget-aux_image\" data-move-in=\"moveHorizontal\" data-move-out=\"moveHorizontal\" data-axis-x=\"20\" data-axis-y=\"200\" data-rotate=\"90\" data-scale=\"1\" data-vp-top=\"0.5\" data-vp-bot=\"0.5\" data-el-top=\"0.2\" data-scroll-animation-off=\"1024\" data-id=\"297df6c\" data-element_type=\"widget\" data-widget_type=\"aux_image.default\">\n\t\t\t\t<div class=\"elementor-widget-container\">\n\t\t\t\t\t<section class=\"widget-container aux-widget-image aux-alignnone aux-parent-auce0a92b2\">\n    <div class=\"aux-media-hint-frame \">\n        <div class=\"aux-media-image \" >\n        \n            \n\n            \n            <img fetchpriority=\"high\" decoding=\"async\" width=\"1024\" height=\"853\" src=\"https:\/\/intecma.com.co\/wp-content\/uploads\/2025\/06\/medical-5051148_1280-1024x853.jpg\" class=\"aux-attachment aux-featured-image aux-attachment-id-528\" alt=\"fondo medico\" srcset=\"https:\/\/intecma.com.co\/wp-content\/uploads\/2025\/06\/medical-5051148_1280-150x150.jpg 150w,https:\/\/intecma.com.co\/wp-content\/uploads\/2025\/06\/medical-5051148_1280-300x300.jpg 300w,https:\/\/intecma.com.co\/wp-content\/uploads\/2025\/06\/medical-5051148_1280-768x768.jpg 768w,https:\/\/intecma.com.co\/wp-content\/uploads\/2025\/06\/medical-5051148_1280-1024x853.jpg 1024w,https:\/\/intecma.com.co\/wp-content\/uploads\/2025\/06\/medical-5051148_1280-1024x853.jpg 1024w\" data-ratio=\"1\" data-original-w=\"1280\" sizes=\"(max-width:479px) 480px,(max-width:767px) 768px,(max-width:1023px) 1024px,1024px\" \/>            \n                <\/div>\n    <\/div>\n\n<\/section><!-- widget-container -->\t\t\t\t<\/div>\n\t\t\t\t<\/div>\n\t\t\t\t<div class=\"aux-scroll-anim elementor-element elementor-element-ddaab85 elementor-widget__width-initial elementor-absolute elementor-widget-tablet__width-initial elementor-widget-mobile__width-initial elementor-hidden-phone aux-appear-watch-animation aux-fade-in-right-1 elementor-widget elementor-widget-aux_image\" data-move-in=\"moveHorizontal\" data-move-out=\"moveHorizontal\" data-axis-x=\"-35\" data-axis-y=\"200\" data-rotate=\"90\" data-scale=\"1\" data-vp-top=\"0.5\" data-vp-bot=\"0.5\" data-el-top=\"0.2\" data-scroll-animation-off=\"1024\" data-id=\"ddaab85\" data-element_type=\"widget\" data-settings=\"{&quot;_position&quot;:&quot;absolute&quot;}\" data-widget_type=\"aux_image.default\">\n\t\t\t\t<div class=\"elementor-widget-container\">\n\t\t\t\t\t<section class=\"widget-container aux-widget-image aux-alignnone aux-parent-audb285e06\">\n    <div class=\"aux-media-hint-frame \">\n        <div class=\"aux-media-image \" >\n        \n            \n\n            \n                        \n                <\/div>\n    <\/div>\n\n<\/section><!-- widget-container -->\t\t\t\t<\/div>\n\t\t\t\t<\/div>\n\t\t\t\t<\/div>\n\t\t<div class=\"elementor-element elementor-element-3b5c00a e-con-full e-flex e-con e-child\" data-id=\"3b5c00a\" data-element_type=\"container\">\n\t\t\t\t<div class=\"elementor-element elementor-element-3137106 aux-appear-watch-animation aux-fade-in-up elementor-widget elementor-widget-aux_modern_heading\" data-id=\"3137106\" data-element_type=\"widget\" data-widget_type=\"aux_modern_heading.default\">\n\t\t\t\t<div class=\"elementor-widget-container\">\n\t\t\t\t\t<section class=\"aux-widget-modern-heading\">\n            <div class=\"aux-widget-inner\"><h1 class=\"aux-modern-heading-primary\">Innovaci\u00f3n y bioseguridad<\/h1><div class=\"aux-modern-heading-description\"><p><span class=\"TextRun Highlight SCXW65582508 BCX0\" lang=\"ES-ES\" xml:lang=\"ES-ES\" data-contrast=\"auto\"><span class=\"NormalTextRun SCXW65582508 BCX0\">Somos una empresa dedicada a la importaci\u00f3n y comercializaci\u00f3n de insumos medico quir\u00fargicos de <\/span><span class=\"NormalTextRun SCXW65582508 BCX0\">\u00f3ptima<\/span><span class=\"NormalTextRun SCXW65582508 BCX0\">\u00a0calidad<\/span><span class=\"NormalTextRun SCXW65582508 BCX0\">,\u00a0<\/span><span class=\"NormalTextRun SCXW65582508 BCX0\">r<\/span><span class=\"NormalTextRun SCXW65582508 BCX0\">econocida por empleados, clientes, competidores y p\u00fablico en general por su liderazgo y posicionamiento en el mercad<\/span><span class=\"NormalTextRun SCXW65582508 BCX0\">o<\/span><span class=\"NormalTextRun SCXW65582508 BCX0\">;<\/span>\u00a0<span class=\"NormalTextRun SCXW65582508 BCX0\">n<\/span><span class=\"NormalTextRun SCXW65582508 BCX0\">uestro compromiso<\/span><span class=\"NormalTextRun SCXW65582508 BCX0\">\u00a0como empresa\u00a0<\/span><span class=\"NormalTextRun SCXW65582508 BCX0\">es<\/span><span class=\"NormalTextRun SCXW65582508 BCX0\">\u00a0la iniciativa y el trabajo\u00a0<\/span><span class=\"NormalTextRun SCXW65582508 BCX0\">en<\/span>\u00a0<span class=\"NormalTextRun SCXW65582508 BCX0\">equipo,<\/span><span class=\"NormalTextRun SCXW65582508 BCX0\">\u00a0as\u00ed como\u00a0<\/span><span class=\"NormalTextRun SCXW65582508 BCX0\">la\u00a0<\/span><span class=\"NormalTextRun SCXW65582508 BCX0\">capacidad para anticiparnos a responder ante los cambios y crear nuevas oportunidades<\/span><span class=\"NormalTextRun SCXW65582508 BCX0\">, caracteriz\u00e1ndonos por la permanente mejora en nuestros productos y servicios.<\/span><\/span><span class=\"EOP SCXW65582508 BCX0\" data-ccp-props=\"{&quot;335551550&quot;:6,&quot;335551620&quot;:6}\">\u00a0<\/span><\/p><p><span class=\"TextRun SCXW264032930 BCX0\" lang=\"ES-ES\" xml:lang=\"ES-ES\" data-contrast=\"auto\"><span class=\"NormalTextRun SCXW264032930 BCX0\" data-ccp-parastyle=\"Normal (Web)\">En INTECMA S.A.S. es compromiso de trabajar en armon\u00eda con el medio ambiente, garantizando condiciones adecuadas de protecci\u00f3n. Tradicionalmente, la empresa ha mantenido una pol\u00edtica de desarrollo sostenible, realizando acciones de inversi\u00f3n orientadas en minimizar el impacto ambiental de sus operaciones. Fomenta entre sus colaboradores una actitud de liderazgo en pro de la protecci\u00f3n del medio ambiente.<\/span><\/span><span class=\"EOP SCXW264032930 BCX0\" data-ccp-props=\"{&quot;134233117&quot;:false,&quot;134233118&quot;:false,&quot;201341983&quot;:0,&quot;335551550&quot;:6,&quot;335551620&quot;:6,&quot;335557856&quot;:16777215,&quot;335559738&quot;:0,&quot;335559739&quot;:0,&quot;335559740&quot;:240}\">\u00a0<\/span><\/p><\/div><\/div>\n        <\/section>\t\t\t\t<\/div>\n\t\t\t\t<\/div>\n\t\t\t\t<\/div>\n\t\t\t\t\t<\/div>\n\t\t\t\t<\/div>\n\t\t\t\t<\/div>\n\t\t","protected":false},"excerpt":{"rendered":"<p>Innovaci\u00f3n y bioseguridad Somos una empresa dedicada a la importaci\u00f3n y comercializaci\u00f3n de insumos medico quir\u00fargicos de \u00f3ptima\u00a0calidad,\u00a0reconocida por empleados, clientes, competidores y p\u00fablico en general por su liderazgo y posicionamiento en el mercado;\u00a0nuestro compromiso\u00a0como empresa\u00a0es\u00a0la iniciativa y el trabajo\u00a0en\u00a0equipo,\u00a0as\u00ed como\u00a0la\u00a0capacidad para anticiparnos a responder ante los cambios y crear nuevas oportunidades, caracteriz\u00e1ndonos por la [&hellip;]<\/p>\n","protected":false},"author":1,"featured_media":0,"parent":0,"menu_order":0,"comment_status":"closed","ping_status":"closed","template":"templates\/page-builder-content.php","meta":{"footnotes":""},"class_list":["post-381","page","type-page","status-publish","hentry"],"_links":{"self":[{"href":"https:\/\/intecma.com.co\/index.php\/wp-json\/wp\/v2\/pages\/381","targetHints":{"allow":["GET"]}}],"collection":[{"href":"https:\/\/intecma.com.co\/index.php\/wp-json\/wp\/v2\/pages"}],"about":[{"href":"https:\/\/intecma.com.co\/index.php\/wp-json\/wp\/v2\/types\/page"}],"author":[{"embeddable":true,"href":"https:\/\/intecma.com.co\/index.php\/wp-json\/wp\/v2\/users\/1"}],"replies":[{"embeddable":true,"href":"https:\/\/intecma.com.co\/index.php\/wp-json\/wp\/v2\/comments?post=381"}],"version-history":[{"count":30,"href":"https:\/\/intecma.com.co\/index.php\/wp-json\/wp\/v2\/pages\/381\/revisions"}],"predecessor-version":[{"id":1131,"href":"https:\/\/intecma.com.co\/index.php\/wp-json\/wp\/v2\/pages\/381\/revisions\/1131"}],"wp:attachment":[{"href":"https:\/\/intecma.com.co\/index.php\/wp-json\/wp\/v2\/media?parent=381"}],"curies":[{"name":"wp","href":"https:\/\/api.w.org\/{rel}","templated":true}]}}