{"id":1064,"date":"2025-09-26T18:24:31","date_gmt":"2025-09-26T23:24:31","guid":{"rendered":"https:\/\/intecma.com.co\/?post_type=product&#038;p=1064"},"modified":"2025-10-29T14:48:44","modified_gmt":"2025-10-29T19:48:44","slug":"tijeras","status":"publish","type":"product","link":"https:\/\/intecma.com.co\/index.php\/producto\/tijeras\/","title":{"rendered":"Tijeras"},"content":{"rendered":"","protected":false},"excerpt":{"rendered":"<p>&nbsp;<\/p>\n<p>Tijera de trauma o corta todo, tijera universal para uso en trauma, dise\u00f1ada para cortar los materiales m\u00e1s fuertes est\u00e1 perfectamente equipada para el uso en \u00e1reas de enfermer\u00eda, medicina general, param\u00e9dicos, entre otros.<br \/>\n\u2022 Fabricada en acero inoxidable<br \/>\n\u2022 Manecillas en pl\u00e1stico<\/p>\n<p>caja x 25 unidades empaque individual ref 14,5 cm \u2013 5,7 pg<\/p>\n<p>caja x 25 unidades empaque individual ref 16 cm \u2013 6,3 pg<\/p>\n<p>&nbsp;<\/p>\n<p>&nbsp;<\/p>\n","protected":false},"featured_media":1145,"template":"","meta":[],"product_brand":[],"product_cat":[80],"product_tag":[109],"class_list":{"0":"post-1064","1":"product","2":"type-product","3":"status-publish","4":"has-post-thumbnail","6":"product_cat-otros","7":"product_tag-tijeras","9":"first","10":"instock","11":"shipping-taxable","12":"product-type-simple"},"_links":{"self":[{"href":"https:\/\/intecma.com.co\/index.php\/wp-json\/wp\/v2\/product\/1064","targetHints":{"allow":["GET"]}}],"collection":[{"href":"https:\/\/intecma.com.co\/index.php\/wp-json\/wp\/v2\/product"}],"about":[{"href":"https:\/\/intecma.com.co\/index.php\/wp-json\/wp\/v2\/types\/product"}],"wp:featuredmedia":[{"embeddable":true,"href":"https:\/\/intecma.com.co\/index.php\/wp-json\/wp\/v2\/media\/1145"}],"wp:attachment":[{"href":"https:\/\/intecma.com.co\/index.php\/wp-json\/wp\/v2\/media?parent=1064"}],"wp:term":[{"taxonomy":"product_brand","embeddable":true,"href":"https:\/\/intecma.com.co\/index.php\/wp-json\/wp\/v2\/product_brand?post=1064"},{"taxonomy":"product_cat","embeddable":true,"href":"https:\/\/intecma.com.co\/index.php\/wp-json\/wp\/v2\/product_cat?post=1064"},{"taxonomy":"product_tag","embeddable":true,"href":"https:\/\/intecma.com.co\/index.php\/wp-json\/wp\/v2\/product_tag?post=1064"}],"curies":[{"name":"wp","href":"https:\/\/api.w.org\/{rel}","templated":true}]}}