{"id":477,"date":"2025-06-21T18:27:19","date_gmt":"2025-06-21T23:27:19","guid":{"rendered":"https:\/\/intecma.com.co\/?post_type=product&#038;p=477"},"modified":"2025-10-29T15:11:40","modified_gmt":"2025-10-29T20:11:40","slug":"compresas","status":"publish","type":"product","link":"https:\/\/intecma.com.co\/index.php\/producto\/compresas\/","title":{"rendered":"Compresa No Est\u00e9ril"},"content":{"rendered":"","protected":false},"excerpt":{"rendered":"<p><span data-contrast=\"none\">Usada en quir\u00f3fanos para absorber l\u00edquidos corporales y mantener la mejor visualizaci\u00f3n del \u00e1rea quir\u00fargica, se pueden usar para el secado de las manos son de un solo uso y se adaptan f\u00e1cilmente. toalla de esponja de 45 x 45 cm con cinta radiopaca cuatro pliegues<\/span><br \/>\n<span data-contrast=\"none\">producto <\/span><b><span data-contrast=\"none\">NO ESTERIL<\/span><\/b><span data-contrast=\"none\"> sin olor, color blanco.<\/span><span data-ccp-props=\"{&quot;201341983&quot;:0,&quot;335557856&quot;:16777215,&quot;335559685&quot;:720,&quot;335559739&quot;:240,&quot;335559740&quot;:240}\">\u00a0<\/span><\/p>\n<p><span data-contrast=\"none\">compresa en algod\u00f3n 100 %\u00a0<\/span><span data-ccp-props=\"{&quot;201341983&quot;:0,&quot;335557856&quot;:16777215,&quot;335559685&quot;:720,&quot;335559739&quot;:240,&quot;335559740&quot;:240}\">\u00a0<\/span><\/p>\n","protected":false},"featured_media":1119,"template":"","meta":[],"product_brand":[],"product_cat":[75],"product_tag":[85,82],"class_list":{"0":"post-477","1":"product","2":"type-product","3":"status-publish","4":"has-post-thumbnail","6":"product_cat-material-medico-quirurgico","7":"product_tag-compresas","8":"product_tag-material-medico-quirurgico","10":"first","11":"instock","12":"shipping-taxable","13":"product-type-simple"},"_links":{"self":[{"href":"https:\/\/intecma.com.co\/index.php\/wp-json\/wp\/v2\/product\/477","targetHints":{"allow":["GET"]}}],"collection":[{"href":"https:\/\/intecma.com.co\/index.php\/wp-json\/wp\/v2\/product"}],"about":[{"href":"https:\/\/intecma.com.co\/index.php\/wp-json\/wp\/v2\/types\/product"}],"wp:featuredmedia":[{"embeddable":true,"href":"https:\/\/intecma.com.co\/index.php\/wp-json\/wp\/v2\/media\/1119"}],"wp:attachment":[{"href":"https:\/\/intecma.com.co\/index.php\/wp-json\/wp\/v2\/media?parent=477"}],"wp:term":[{"taxonomy":"product_brand","embeddable":true,"href":"https:\/\/intecma.com.co\/index.php\/wp-json\/wp\/v2\/product_brand?post=477"},{"taxonomy":"product_cat","embeddable":true,"href":"https:\/\/intecma.com.co\/index.php\/wp-json\/wp\/v2\/product_cat?post=477"},{"taxonomy":"product_tag","embeddable":true,"href":"https:\/\/intecma.com.co\/index.php\/wp-json\/wp\/v2\/product_tag?post=477"}],"curies":[{"name":"wp","href":"https:\/\/api.w.org\/{rel}","templated":true}]}}