{"id":480,"date":"2025-06-21T18:35:24","date_gmt":"2025-06-21T23:35:24","guid":{"rendered":"https:\/\/intecma.com.co\/?post_type=product&#038;p=480"},"modified":"2025-10-29T15:21:04","modified_gmt":"2025-10-29T20:21:04","slug":"esparadrapo-de-tela-blanco","status":"publish","type":"product","link":"https:\/\/intecma.com.co\/index.php\/producto\/esparadrapo-de-tela-blanco\/","title":{"rendered":"Esparadrapo de tela blanco"},"content":{"rendered":"","protected":false},"excerpt":{"rendered":"<p><span data-contrast=\"auto\">Cinta de tela tejida-algod\u00f3n, con adhesivo hipoalerg\u00e9nico a base de celulosa, por una sola cara exento de l\u00e1tex, aplicaciones para sujeci\u00f3n de vendajes, inmovilizaciones, dispositivos m\u00e9dicos, etc.<\/span><br \/>\n<span data-contrast=\"auto\">producto <\/span><b><span data-contrast=\"auto\">NO ESTERIL<\/span><\/b><span data-ccp-props=\"{&quot;134233117&quot;:true,&quot;134233118&quot;:true,&quot;201341983&quot;:0,&quot;335559740&quot;:240}\">\u00a0<\/span><\/p>\n<p><span data-contrast=\"auto\">Caja master por 24 cajas todas las presentaciones<\/span><br \/>\n<span data-contrast=\"auto\">*Esparadrapo tela 0.5x5y caja x 24 rollos<\/span><br \/>\n<span data-contrast=\"auto\">*Esparadrapo tela 1x5yds caja x 12 rollos<\/span><br \/>\n<span data-contrast=\"auto\">*Esparadrapo tela 1x10yds caja x 12 rollos<\/span><br \/>\n<span data-contrast=\"auto\">*Esparadrapo tela 2x5yds caja x 6 rollos<\/span><br \/>\n<span data-contrast=\"auto\">*Esparadrapo tela 2x10yds caja x 4 rollos<\/span><br \/>\n<span data-contrast=\"auto\">*Esparadrapo tela 3x5yds caja x 4 rollos<\/span><br \/>\n<span data-contrast=\"auto\">*Esparadrapo tela 4x5yds caja x 4 rollos<\/span><br \/>\n<span data-contrast=\"auto\">*Esparadrapo tela 4x10yds caja x4 rollos<\/span><br \/>\n<span data-contrast=\"auto\">*Tubo hospitalario 12&#215;10 yds unidad medidas<\/span><\/p>\n<p><span data-contrast=\"auto\">\u00a01 rollo de 1&#215;10 yds<\/span><br \/>\n<span data-contrast=\"auto\">\u00a02 rollos de 2&#215;10 yds<\/span><br \/>\n<span data-contrast=\"auto\">1 rollo de 3&#215;10 yds<\/span><br \/>\n<span data-contrast=\"auto\">1 rollo de 4&#215;10 yds<\/span><span data-ccp-props=\"{&quot;134233117&quot;:true,&quot;134233118&quot;:true,&quot;201341983&quot;:0,&quot;335559740&quot;:240}\">\u00a0<\/span><\/p>\n","protected":false},"featured_media":1134,"template":"","meta":[],"product_brand":[],"product_cat":[76],"product_tag":[92,93],"class_list":{"0":"post-480","1":"product","2":"type-product","3":"status-publish","4":"has-post-thumbnail","6":"product_cat-adhesivos","7":"product_tag-adhesivos","8":"product_tag-esparadrapo-de-tela-blanco","10":"first","11":"instock","12":"shipping-taxable","13":"product-type-simple"},"_links":{"self":[{"href":"https:\/\/intecma.com.co\/index.php\/wp-json\/wp\/v2\/product\/480","targetHints":{"allow":["GET"]}}],"collection":[{"href":"https:\/\/intecma.com.co\/index.php\/wp-json\/wp\/v2\/product"}],"about":[{"href":"https:\/\/intecma.com.co\/index.php\/wp-json\/wp\/v2\/types\/product"}],"wp:featuredmedia":[{"embeddable":true,"href":"https:\/\/intecma.com.co\/index.php\/wp-json\/wp\/v2\/media\/1134"}],"wp:attachment":[{"href":"https:\/\/intecma.com.co\/index.php\/wp-json\/wp\/v2\/media?parent=480"}],"wp:term":[{"taxonomy":"product_brand","embeddable":true,"href":"https:\/\/intecma.com.co\/index.php\/wp-json\/wp\/v2\/product_brand?post=480"},{"taxonomy":"product_cat","embeddable":true,"href":"https:\/\/intecma.com.co\/index.php\/wp-json\/wp\/v2\/product_cat?post=480"},{"taxonomy":"product_tag","embeddable":true,"href":"https:\/\/intecma.com.co\/index.php\/wp-json\/wp\/v2\/product_tag?post=480"}],"curies":[{"name":"wp","href":"https:\/\/api.w.org\/{rel}","templated":true}]}}