{"id":482,"date":"2025-06-21T18:39:23","date_gmt":"2025-06-21T23:39:23","guid":{"rendered":"https:\/\/intecma.com.co\/?post_type=product&#038;p=482"},"modified":"2025-10-27T19:08:51","modified_gmt":"2025-10-28T00:08:51","slug":"cinta-quirurgica-microporosa","status":"publish","type":"product","link":"https:\/\/intecma.com.co\/index.php\/producto\/cinta-quirurgica-microporosa\/","title":{"rendered":"Cinta quirurgica microporosa"},"content":{"rendered":"","protected":false},"excerpt":{"rendered":"<ul>\n<li aria-setsize=\"-1\" data-leveltext=\"\uf0b7\" data-font=\"Symbol\" data-listid=\"1\" data-list-defn-props=\"{&quot;335551500&quot;:0,&quot;335551671&quot;:0,&quot;335552541&quot;:1,&quot;335559685&quot;:502,&quot;335559991&quot;:360,&quot;469769226&quot;:&quot;Symbol&quot;,&quot;469769242&quot;:[8226],&quot;469777803&quot;:&quot;left&quot;,&quot;469777804&quot;:&quot;\uf0b7&quot;,&quot;469777815&quot;:&quot;hybridMultilevel&quot;}\" data-aria-posinset=\"5\" data-aria-level=\"1\"><span data-contrast=\"none\">Dispositivo medico dise\u00f1ado para para fijar gasas, ap\u00f3sitos, vendas, tubos, cat\u00e9teres, sondas y c\u00e1nulas. fabricado en papel, tela no tejida, pel\u00edcula de polietileno y pegamento acr\u00edlico en la superficie en empaque individual (<\/span><b><span data-contrast=\"none\">producto no est\u00e9ril<\/span><\/b><span data-contrast=\"none\">)<\/span><span data-ccp-props=\"{&quot;201341983&quot;:0,&quot;335557856&quot;:16777215,&quot;335559739&quot;:240,&quot;335559740&quot;:240}\">\u00a0<\/span><\/li>\n<\/ul>\n<p><span data-contrast=\"none\">*Cinta quir\u00fargica microporosa 0.5&#215;5 yds caja x 24 rollos<\/span><br \/>\n<span data-contrast=\"none\">*Cinta quir\u00fargica microporosa 1&#215;5 yds caja x 12 rollos<\/span><br \/>\n<span data-contrast=\"none\">*Cinta quir\u00fargica microporosa 1&#215;10 yds caja x 12 rollos<\/span><br \/>\n<span data-contrast=\"none\">*Cinta quir\u00fargica microporosa 2&#215;5 yds caja x 6 rollos<\/span><br \/>\n<span data-contrast=\"none\">*Cinta quir\u00fargica microporosa 2&#215;10 yds caja x 6 rollos<\/span><span data-ccp-props=\"{&quot;201341983&quot;:0,&quot;335557856&quot;:16777215,&quot;335559685&quot;:502,&quot;335559739&quot;:240,&quot;335559740&quot;:240}\">\u00a0<\/span><\/p>\n","protected":false},"featured_media":471,"template":"","meta":[],"product_brand":[],"product_cat":[76],"product_tag":[92,95],"class_list":{"0":"post-482","1":"product","2":"type-product","3":"status-publish","4":"has-post-thumbnail","6":"product_cat-adhesivos","7":"product_tag-adhesivos","8":"product_tag-cinta-adhesiva-microporosa","10":"first","11":"instock","12":"shipping-taxable","13":"product-type-simple"},"_links":{"self":[{"href":"https:\/\/intecma.com.co\/index.php\/wp-json\/wp\/v2\/product\/482","targetHints":{"allow":["GET"]}}],"collection":[{"href":"https:\/\/intecma.com.co\/index.php\/wp-json\/wp\/v2\/product"}],"about":[{"href":"https:\/\/intecma.com.co\/index.php\/wp-json\/wp\/v2\/types\/product"}],"wp:featuredmedia":[{"embeddable":true,"href":"https:\/\/intecma.com.co\/index.php\/wp-json\/wp\/v2\/media\/471"}],"wp:attachment":[{"href":"https:\/\/intecma.com.co\/index.php\/wp-json\/wp\/v2\/media?parent=482"}],"wp:term":[{"taxonomy":"product_brand","embeddable":true,"href":"https:\/\/intecma.com.co\/index.php\/wp-json\/wp\/v2\/product_brand?post=482"},{"taxonomy":"product_cat","embeddable":true,"href":"https:\/\/intecma.com.co\/index.php\/wp-json\/wp\/v2\/product_cat?post=482"},{"taxonomy":"product_tag","embeddable":true,"href":"https:\/\/intecma.com.co\/index.php\/wp-json\/wp\/v2\/product_tag?post=482"}],"curies":[{"name":"wp","href":"https:\/\/api.w.org\/{rel}","templated":true}]}}