{"id":486,"date":"2025-06-21T18:50:54","date_gmt":"2025-06-21T23:50:54","guid":{"rendered":"https:\/\/intecma.com.co\/?post_type=product&#038;p=486"},"modified":"2025-10-29T14:45:48","modified_gmt":"2025-10-29T19:45:48","slug":"tapabocas-en-tela-no-tejida","status":"publish","type":"product","link":"https:\/\/intecma.com.co\/index.php\/producto\/tapabocas-en-tela-no-tejida\/","title":{"rendered":"Tapabocas desechables tres pliegues con filtro"},"content":{"rendered":"","protected":false},"excerpt":{"rendered":"<p>Tapabocas desechables que protegen las mucosas respiratorias y bucales de la exposici\u00f3n a pat\u00f3genos o part\u00edculas peque\u00f1as que puedan traer problemas de salud. fabricado en tela no tejida de polipropileno (3 capas) cada capa en tela de 25 gr\/m\u00b2 para una filtraci\u00f3n m\u00ednimo del 98%\u00a0\u00a0 y cumple con el par\u00e1metro producto.<\/p>\n<p><strong>NO ESTERIL<\/strong><br \/>\nCuerpo 100% polipropileno<br \/>\nCauchos 60% poli\u00e9ster<br \/>\n40% Spandex<strong>\u00a0 <\/strong><\/p>\n<ul>\n<li>Adulto color azul y\/o blanco caucho caja por 50 unidades en empaque individual.<\/li>\n<li>Adulto color azul y\/o blanco caucho caja por 50 unidades a granel<\/li>\n<li>Pedi\u00e1trico color rosado\/azul caucho en empaque individual.<\/li>\n<\/ul>\n","protected":false},"featured_media":695,"template":"","meta":[],"product_brand":[],"product_cat":[77],"product_tag":[98,99],"class_list":{"0":"post-486","1":"product","2":"type-product","3":"status-publish","4":"has-post-thumbnail","6":"product_cat-bioseguridad","7":"product_tag-bioseguridad","8":"product_tag-tapabocas-en-tela-no-tejida","10":"first","11":"instock","12":"shipping-taxable","13":"product-type-simple"},"_links":{"self":[{"href":"https:\/\/intecma.com.co\/index.php\/wp-json\/wp\/v2\/product\/486","targetHints":{"allow":["GET"]}}],"collection":[{"href":"https:\/\/intecma.com.co\/index.php\/wp-json\/wp\/v2\/product"}],"about":[{"href":"https:\/\/intecma.com.co\/index.php\/wp-json\/wp\/v2\/types\/product"}],"wp:featuredmedia":[{"embeddable":true,"href":"https:\/\/intecma.com.co\/index.php\/wp-json\/wp\/v2\/media\/695"}],"wp:attachment":[{"href":"https:\/\/intecma.com.co\/index.php\/wp-json\/wp\/v2\/media?parent=486"}],"wp:term":[{"taxonomy":"product_brand","embeddable":true,"href":"https:\/\/intecma.com.co\/index.php\/wp-json\/wp\/v2\/product_brand?post=486"},{"taxonomy":"product_cat","embeddable":true,"href":"https:\/\/intecma.com.co\/index.php\/wp-json\/wp\/v2\/product_cat?post=486"},{"taxonomy":"product_tag","embeddable":true,"href":"https:\/\/intecma.com.co\/index.php\/wp-json\/wp\/v2\/product_tag?post=486"}],"curies":[{"name":"wp","href":"https:\/\/api.w.org\/{rel}","templated":true}]}}