{"id":492,"date":"2025-06-21T18:57:25","date_gmt":"2025-06-21T23:57:25","guid":{"rendered":"https:\/\/intecma.com.co\/?post_type=product&#038;p=492"},"modified":"2025-10-27T18:55:02","modified_gmt":"2025-10-27T23:55:02","slug":"bata-desechable","status":"publish","type":"product","link":"https:\/\/intecma.com.co\/index.php\/producto\/bata-desechable\/","title":{"rendered":"Bata desechable"},"content":{"rendered":"","protected":false},"excerpt":{"rendered":"<p>&nbsp;<\/p>\n<p><span class=\"TextRun SCXW2166714 BCX8\" lang=\"ES-CO\" xml:lang=\"ES-CO\" data-contrast=\"none\"><span class=\"NormalTextRun SCXW2166714 BCX8\" data-ccp-parastyle=\"Normal (Web)\">B<\/span><span class=\"NormalTextRun SCXW2166714 BCX8\" data-ccp-parastyle=\"Normal (Web)\">ata quir\u00fargica<\/span><\/span> <span class=\"TextRun SCXW2166714 BCX8\" lang=\"ES-CO\" xml:lang=\"ES-CO\" data-contrast=\"auto\"><span class=\"NormalTextRun SCXW2166714 BCX8\" data-ccp-parastyle=\"Normal (Web)\">NO ESTERIL<\/span><\/span> <span class=\"TextRun SCXW2166714 BCX8\" lang=\"ES-CO\" xml:lang=\"ES-CO\" data-contrast=\"none\"><span class=\"NormalTextRun SCXW2166714 BCX8\" data-ccp-parastyle=\"Normal (Web)\">protectora en tela SMS o tela SMS laminada, brinda protecci\u00f3n al m\u00e9dico y\/o paciente, adecuada filtraci\u00f3n y confort, higi\u00e9nico, antial\u00e9rgico, desechable<\/span><\/span><span class=\"EOP SCXW2166714 BCX8\" data-ccp-props=\"{&quot;134233117&quot;:true,&quot;134233118&quot;:true,&quot;201341983&quot;:0,&quot;335557856&quot;:16777215,&quot;335559739&quot;:240,&quot;335559740&quot;:240}\">\u00a0<\/span><\/p>\n","protected":false},"featured_media":1115,"template":"","meta":[],"product_brand":[],"product_cat":[77],"product_tag":[102,98],"class_list":{"0":"post-492","1":"product","2":"type-product","3":"status-publish","4":"has-post-thumbnail","6":"product_cat-bioseguridad","7":"product_tag-bata-desechable","8":"product_tag-bioseguridad","10":"first","11":"instock","12":"shipping-taxable","13":"product-type-simple"},"_links":{"self":[{"href":"https:\/\/intecma.com.co\/index.php\/wp-json\/wp\/v2\/product\/492","targetHints":{"allow":["GET"]}}],"collection":[{"href":"https:\/\/intecma.com.co\/index.php\/wp-json\/wp\/v2\/product"}],"about":[{"href":"https:\/\/intecma.com.co\/index.php\/wp-json\/wp\/v2\/types\/product"}],"wp:featuredmedia":[{"embeddable":true,"href":"https:\/\/intecma.com.co\/index.php\/wp-json\/wp\/v2\/media\/1115"}],"wp:attachment":[{"href":"https:\/\/intecma.com.co\/index.php\/wp-json\/wp\/v2\/media?parent=492"}],"wp:term":[{"taxonomy":"product_brand","embeddable":true,"href":"https:\/\/intecma.com.co\/index.php\/wp-json\/wp\/v2\/product_brand?post=492"},{"taxonomy":"product_cat","embeddable":true,"href":"https:\/\/intecma.com.co\/index.php\/wp-json\/wp\/v2\/product_cat?post=492"},{"taxonomy":"product_tag","embeddable":true,"href":"https:\/\/intecma.com.co\/index.php\/wp-json\/wp\/v2\/product_tag?post=492"}],"curies":[{"name":"wp","href":"https:\/\/api.w.org\/{rel}","templated":true}]}}