{"id":498,"date":"2025-06-21T21:23:06","date_gmt":"2025-06-22T02:23:06","guid":{"rendered":"https:\/\/intecma.com.co\/?post_type=product&#038;p=498"},"modified":"2025-10-29T14:51:06","modified_gmt":"2025-10-29T19:51:06","slug":"venda-de-algodon","status":"publish","type":"product","link":"https:\/\/intecma.com.co\/index.php\/producto\/venda-de-algodon\/","title":{"rendered":"Venda de algod\u00f3n"},"content":{"rendered":"","protected":false},"excerpt":{"rendered":"<p style=\"text-align: justify; background: white;\"><span style=\"font-family: 'Arial',sans-serif; color: black;\">Venda de algod\u00f3n laminado para proteger la piel antes del procedimiento de enyesado. rollo absorbente y protector, sirve para acolchar otros ap\u00f3sitos y vendajes. composici\u00f3n: algod\u00f3n\/celulosa. producto<br \/>\nproducto<b> NO ESTERIL <\/b>sin olor, color blanco<\/span><\/p>\n<p style=\"background: white;\"><span style=\"font-family: 'Arial',sans-serif; color: black;\"><br \/>\n\u2022Venda de algod\u00f3n 3&#215;5 yds<br \/>\n\u2022Venda de algod\u00f3n 4&#215;5 yds<br \/>\n\u2022Venda de algod\u00f3n 5&#215;5 yds<br \/>\n\u2022 Venda de algod\u00f3n 6&#215;5 yds<b><\/b><\/span><\/p>\n","protected":false},"featured_media":1146,"template":"","meta":[],"product_brand":[],"product_cat":[78],"product_tag":[105,104],"class_list":{"0":"post-498","1":"product","2":"type-product","3":"status-publish","4":"has-post-thumbnail","6":"product_cat-vendas","7":"product_tag-venda-algodon","8":"product_tag-vendas","10":"first","11":"instock","12":"shipping-taxable","13":"product-type-simple"},"_links":{"self":[{"href":"https:\/\/intecma.com.co\/index.php\/wp-json\/wp\/v2\/product\/498","targetHints":{"allow":["GET"]}}],"collection":[{"href":"https:\/\/intecma.com.co\/index.php\/wp-json\/wp\/v2\/product"}],"about":[{"href":"https:\/\/intecma.com.co\/index.php\/wp-json\/wp\/v2\/types\/product"}],"wp:featuredmedia":[{"embeddable":true,"href":"https:\/\/intecma.com.co\/index.php\/wp-json\/wp\/v2\/media\/1146"}],"wp:attachment":[{"href":"https:\/\/intecma.com.co\/index.php\/wp-json\/wp\/v2\/media?parent=498"}],"wp:term":[{"taxonomy":"product_brand","embeddable":true,"href":"https:\/\/intecma.com.co\/index.php\/wp-json\/wp\/v2\/product_brand?post=498"},{"taxonomy":"product_cat","embeddable":true,"href":"https:\/\/intecma.com.co\/index.php\/wp-json\/wp\/v2\/product_cat?post=498"},{"taxonomy":"product_tag","embeddable":true,"href":"https:\/\/intecma.com.co\/index.php\/wp-json\/wp\/v2\/product_tag?post=498"}],"curies":[{"name":"wp","href":"https:\/\/api.w.org\/{rel}","templated":true}]}}