{"id":502,"date":"2025-06-21T21:29:14","date_gmt":"2025-06-22T02:29:14","guid":{"rendered":"https:\/\/intecma.com.co\/?post_type=product&#038;p=502"},"modified":"2025-10-29T14:54:31","modified_gmt":"2025-10-29T19:54:31","slug":"venda-de-yeso","status":"publish","type":"product","link":"https:\/\/intecma.com.co\/index.php\/producto\/venda-de-yeso\/","title":{"rendered":"Venda de yeso"},"content":{"rendered":"","protected":false},"excerpt":{"rendered":"<p>Venda en tela de gasa de algod\u00f3n impregnada uniformemente con yeso y coloides org\u00e1nicos, f\u00e1cil aplicaci\u00f3n con acabado liso. Indicada para la estabilizaci\u00f3n de fracturas, esguinces, torceduras u otras lesiones. permite la inmovilizaci\u00f3n r\u00edgida asegurando una alta efectividad cl\u00ednica con el mayor confort para los pacientes<br \/>\n\u2022 Venda de gasa impregnada de sulfato de calcio<br \/>\n\u2022 Core interno cruciforme o cil\u00edndrica<br \/>\n\u2022 empaque individual sellado<br \/>\nproducto <strong>NO ESTERIL<\/strong> sin olor, color blanco<\/p>\n<ul>\n<li>Venda de yeso 3&#215;5 yds unidad<\/li>\n<li>Venda de yeso 4&#215;5 yds unidad<\/li>\n<li>Venda de yeso 5&#215;5 yds unidad<\/li>\n<li>Venda de yeso 6&#215;5 yds unidad<\/li>\n<li>Venda de yeso 8&#215;5 yds unidad<\/li>\n<\/ul>\n","protected":false},"featured_media":1147,"template":"","meta":[],"product_brand":[],"product_cat":[78],"product_tag":[104,106],"class_list":{"0":"post-502","1":"product","2":"type-product","3":"status-publish","4":"has-post-thumbnail","6":"product_cat-vendas","7":"product_tag-vendas","8":"product_tag-vendas-de-yeso","10":"first","11":"instock","12":"shipping-taxable","13":"product-type-simple"},"_links":{"self":[{"href":"https:\/\/intecma.com.co\/index.php\/wp-json\/wp\/v2\/product\/502","targetHints":{"allow":["GET"]}}],"collection":[{"href":"https:\/\/intecma.com.co\/index.php\/wp-json\/wp\/v2\/product"}],"about":[{"href":"https:\/\/intecma.com.co\/index.php\/wp-json\/wp\/v2\/types\/product"}],"wp:featuredmedia":[{"embeddable":true,"href":"https:\/\/intecma.com.co\/index.php\/wp-json\/wp\/v2\/media\/1147"}],"wp:attachment":[{"href":"https:\/\/intecma.com.co\/index.php\/wp-json\/wp\/v2\/media?parent=502"}],"wp:term":[{"taxonomy":"product_brand","embeddable":true,"href":"https:\/\/intecma.com.co\/index.php\/wp-json\/wp\/v2\/product_brand?post=502"},{"taxonomy":"product_cat","embeddable":true,"href":"https:\/\/intecma.com.co\/index.php\/wp-json\/wp\/v2\/product_cat?post=502"},{"taxonomy":"product_tag","embeddable":true,"href":"https:\/\/intecma.com.co\/index.php\/wp-json\/wp\/v2\/product_tag?post=502"}],"curies":[{"name":"wp","href":"https:\/\/api.w.org\/{rel}","templated":true}]}}